{"id":1233,"date":"2025-04-18T12:05:40","date_gmt":"2025-04-18T10:05:40","guid":{"rendered":"https:\/\/techzolo.hu\/?post_type=product&#038;p=1233"},"modified":"2025-04-18T12:05:40","modified_gmt":"2025-04-18T10:05:40","slug":"buvarszivattyu","status":"publish","type":"product","link":"https:\/\/techzolo.hu\/?product=buvarszivattyu","title":{"rendered":"B\u00daV\u00c1RSZIVATTY\u00da"},"content":{"rendered":"<div class=\"xdj266r x11i5rnm xat24cr x1mh8g0r x1vvkbs x126k92a\">\n<div dir=\"auto\">NEPTUN NKP-E 22 &#8211; B\u00daV\u00c1RSZIVATTY\u00da (220W) \u00c1R: 19.900.-<\/div>\n<\/div>\n<div class=\"x11i5rnm xat24cr x1mh8g0r x1vvkbs xtlvy1s x126k92a\">\n<div dir=\"auto\">Neptun<\/div>\n<div dir=\"auto\">Motor teljes\u00edtm\u00e9nye: 220 W<\/div>\n<div dir=\"auto\">Max. emel\u00e9si magass\u00e1g: 6 m<\/div>\n<div dir=\"auto\">Max. folyad\u00e9ksz\u00e1ll\u00edt\u00e1s: 7500 l\/h<\/div>\n<div dir=\"auto\">Max. mer\u00fcl\u00e9si m\u00e9lys\u00e9g: 7 m<\/div>\n<\/div>\n","protected":false},"excerpt":{"rendered":"<p>NEPTUN NKP-E 22 &#8211; B\u00daV\u00c1RSZIVATTY\u00da (220W) \u00c1R: 19.900.- Neptun Motor teljes\u00edtm\u00e9nye: 220 W Max. emel\u00e9si magass\u00e1g: 6 m Max. folyad\u00e9ksz\u00e1ll\u00edt\u00e1s: 7500 l\/h Max. mer\u00fcl\u00e9si m\u00e9lys\u00e9g: 7 m<\/p>\n","protected":false},"featured_media":1234,"comment_status":"open","ping_status":"closed","template":"","meta":[],"product_brand":[],"product_cat":[18,383],"product_tag":[398],"class_list":{"0":"post-1233","1":"product","2":"type-product","3":"status-publish","4":"has-post-thumbnail","6":"product_cat-egyeb","7":"product_cat-kiarusitas","8":"product_tag-buvarszivattyu","10":"first","11":"instock","12":"shipping-taxable","13":"purchasable","14":"product-type-simple"},"aioseo_notices":[],"jetpack_sharing_enabled":true,"_links":{"self":[{"href":"https:\/\/techzolo.hu\/index.php?rest_route=\/wp\/v2\/product\/1233","targetHints":{"allow":["GET"]}}],"collection":[{"href":"https:\/\/techzolo.hu\/index.php?rest_route=\/wp\/v2\/product"}],"about":[{"href":"https:\/\/techzolo.hu\/index.php?rest_route=\/wp\/v2\/types\/product"}],"replies":[{"embeddable":true,"href":"https:\/\/techzolo.hu\/index.php?rest_route=%2Fwp%2Fv2%2Fcomments&post=1233"}],"wp:featuredmedia":[{"embeddable":true,"href":"https:\/\/techzolo.hu\/index.php?rest_route=\/wp\/v2\/media\/1234"}],"wp:attachment":[{"href":"https:\/\/techzolo.hu\/index.php?rest_route=%2Fwp%2Fv2%2Fmedia&parent=1233"}],"wp:term":[{"taxonomy":"product_brand","embeddable":true,"href":"https:\/\/techzolo.hu\/index.php?rest_route=%2Fwp%2Fv2%2Fproduct_brand&post=1233"},{"taxonomy":"product_cat","embeddable":true,"href":"https:\/\/techzolo.hu\/index.php?rest_route=%2Fwp%2Fv2%2Fproduct_cat&post=1233"},{"taxonomy":"product_tag","embeddable":true,"href":"https:\/\/techzolo.hu\/index.php?rest_route=%2Fwp%2Fv2%2Fproduct_tag&post=1233"}],"curies":[{"name":"wp","href":"https:\/\/api.w.org\/{rel}","templated":true}]}}