{"id":1380,"date":"2025-08-27T07:47:56","date_gmt":"2025-08-27T05:47:56","guid":{"rendered":"https:\/\/techzolo.hu\/?post_type=product&#038;p=1380"},"modified":"2025-08-27T07:47:56","modified_gmt":"2025-08-27T05:47:56","slug":"lenovo-v340-17%e2%80%b3","status":"publish","type":"product","link":"https:\/\/techzolo.hu\/?product=lenovo-v340-17%e2%80%b3","title":{"rendered":"Lenovo V340 17\u2033"},"content":{"rendered":"<h2 data-start=\"154\" data-end=\"208\">Lenovo V340 17\u2033 \u2013 Intel Core i3-8145U specifik\u00e1ci\u00f3<\/h2>\n<h3 data-start=\"210\" data-end=\"231\">Processzor (CPU)<\/h3>\n<ul data-start=\"232\" data-end=\"421\">\n<li data-start=\"232\" data-end=\"421\">\n<p data-start=\"234\" data-end=\"421\"><strong data-start=\"234\" data-end=\"257\">Intel Core i3-8145U<\/strong> \u2013 8. gener\u00e1ci\u00f3s Whiskey Lake architekt\u00fara, 2 mag \/ 4 sz\u00e1l, 2,1 GHz alap\u00f3rajel, ak\u00e1r 3,9 GHz Turbo Boost, 4 MB cache, 15 W TDP<\/p>\n<\/li>\n<\/ul>\n<h3 data-start=\"423\" data-end=\"435\">Grafika<\/h3>\n<ul data-start=\"436\" data-end=\"529\">\n<li data-start=\"436\" data-end=\"529\">\n<p data-start=\"438\" data-end=\"529\"><strong data-start=\"438\" data-end=\"464\">Intel UHD Graphics 620<\/strong> integr\u00e1lt grafikus vez\u00e9rl\u0151<\/p>\n<\/li>\n<\/ul>\n<h3 data-start=\"531\" data-end=\"543\">Kijelz\u0151<\/h3>\n<ul data-start=\"544\" data-end=\"735\">\n<li data-start=\"544\" data-end=\"641\">\n<p data-start=\"546\" data-end=\"641\"><strong data-start=\"546\" data-end=\"570\">17,3\u2033 HD+ (1600\u00d7900)<\/strong> TN panel v\u00e1ltozatban is el\u00e9rhet\u0151<\/p>\n<\/li>\n<li data-start=\"642\" data-end=\"735\">\n<p data-start=\"644\" data-end=\"735\">FHD (1920\u00d71080) IPS paneles konfigur\u00e1ci\u00f3k is l\u00e9teznek<\/p>\n<\/li>\n<\/ul>\n<h3 data-start=\"737\" data-end=\"755\">Mem\u00f3ria (RAM)<\/h3>\n<ul data-start=\"756\" data-end=\"930\">\n<li data-start=\"756\" data-end=\"844\">\n<p data-start=\"758\" data-end=\"844\"><strong data-start=\"779\" data-end=\"806\">8 GB DDR4-2400\/2666 MHz<\/strong><\/p>\n<\/li>\n<\/ul>\n<h3 data-start=\"932\" data-end=\"944\">T\u00e1rhely<\/h3>\n<ul>\n<li style=\"list-style-type: none;\">\n<ul data-start=\"970\" data-end=\"1197\">\n<li data-start=\"970\" data-end=\"1045\">\n<p data-start=\"972\" data-end=\"1045\"><strong data-start=\"972\" data-end=\"986\">240 GB SSD<\/strong> (M.2 PCIe vagy SATA)<\/p>\n<\/li>\n<\/ul>\n<\/li>\n<\/ul>\n<h3 data-start=\"1199\" data-end=\"1241\">Optikai meghajt\u00f3 \u00e9s tov\u00e1bbi jellemz\u0151k<\/h3>\n<ul data-start=\"1242\" data-end=\"1343\">\n<li data-start=\"1242\" data-end=\"1343\">\n<p data-start=\"1244\" data-end=\"1343\">DVD\u00b1RW optikai meghajt\u00f3 bizonyos konfigur\u00e1ci\u00f3kban benne van<\/p>\n<\/li>\n<\/ul>\n<h3 data-start=\"1345\" data-end=\"1372\">Kapcsol\u00f3d\u00e1s \u00e9s b\u0151v\u00edt\u00e9s<\/h3>\n<ul data-start=\"1373\" data-end=\"1526\">\n<li data-start=\"1373\" data-end=\"1419\">\n<p data-start=\"1375\" data-end=\"1419\"><strong data-start=\"1375\" data-end=\"1397\">Wi-Fi 5 (802.11ac)<\/strong>, Bluetooth t\u00e1mogat\u00e1s.<\/p>\n<\/li>\n<li data-start=\"1420\" data-end=\"1526\">\n<p data-start=\"1422\" data-end=\"1526\">H\u00e1l\u00f3zati csatlakoz\u00f3k: Ethernet port, komb\u00f3 audio jack, webkamera<\/p>\n<\/li>\n<\/ul>\n<h3 data-start=\"1528\" data-end=\"1547\">M\u00e9ret \u00e9s t\u00f6meg<\/h3>\n<ul data-start=\"1548\" data-end=\"1619\">\n<li data-start=\"1548\" data-end=\"1619\">\n<p data-start=\"1550\" data-end=\"1619\">S\u00faly: kb. <strong data-start=\"1560\" data-end=\"1570\">2,8 kg<\/strong> (6,2 lb).<\/p>\n<\/li>\n<\/ul>\n","protected":false},"excerpt":{"rendered":"<p>Lenovo V340 17\u2033 \u2013 Intel Core i3-8145U specifik\u00e1ci\u00f3 Processzor (CPU) Intel Core i3-8145U \u2013 8. gener\u00e1ci\u00f3s Whiskey Lake architekt\u00fara, 2 mag \/ 4 sz\u00e1l, 2,1 GHz alap\u00f3rajel, ak\u00e1r 3,9 GHz&hellip;<\/p>\n","protected":false},"featured_media":1377,"comment_status":"open","ping_status":"closed","template":"","meta":[],"product_brand":[342],"product_cat":[21],"product_tag":[124],"class_list":{"0":"post-1380","1":"product","2":"type-product","3":"status-publish","4":"has-post-thumbnail","6":"product_brand-lenovo","7":"product_cat-laptop","8":"product_tag-lenovo","10":"first","11":"instock","12":"purchasable","13":"product-type-simple"},"aioseo_notices":[],"jetpack_sharing_enabled":true,"_links":{"self":[{"href":"https:\/\/techzolo.hu\/index.php?rest_route=\/wp\/v2\/product\/1380","targetHints":{"allow":["GET"]}}],"collection":[{"href":"https:\/\/techzolo.hu\/index.php?rest_route=\/wp\/v2\/product"}],"about":[{"href":"https:\/\/techzolo.hu\/index.php?rest_route=\/wp\/v2\/types\/product"}],"replies":[{"embeddable":true,"href":"https:\/\/techzolo.hu\/index.php?rest_route=%2Fwp%2Fv2%2Fcomments&post=1380"}],"wp:featuredmedia":[{"embeddable":true,"href":"https:\/\/techzolo.hu\/index.php?rest_route=\/wp\/v2\/media\/1377"}],"wp:attachment":[{"href":"https:\/\/techzolo.hu\/index.php?rest_route=%2Fwp%2Fv2%2Fmedia&parent=1380"}],"wp:term":[{"taxonomy":"product_brand","embeddable":true,"href":"https:\/\/techzolo.hu\/index.php?rest_route=%2Fwp%2Fv2%2Fproduct_brand&post=1380"},{"taxonomy":"product_cat","embeddable":true,"href":"https:\/\/techzolo.hu\/index.php?rest_route=%2Fwp%2Fv2%2Fproduct_cat&post=1380"},{"taxonomy":"product_tag","embeddable":true,"href":"https:\/\/techzolo.hu\/index.php?rest_route=%2Fwp%2Fv2%2Fproduct_tag&post=1380"}],"curies":[{"name":"wp","href":"https:\/\/api.w.org\/{rel}","templated":true}]}}