{"id":1381,"date":"2025-08-27T07:59:20","date_gmt":"2025-08-27T05:59:20","guid":{"rendered":"https:\/\/techzolo.hu\/?post_type=product&#038;p=1381"},"modified":"2025-08-27T07:59:21","modified_gmt":"2025-08-27T05:59:21","slug":"lenovo-ideapad-330-amd-a4-9125","status":"publish","type":"product","link":"https:\/\/techzolo.hu\/?product=lenovo-ideapad-330-amd-a4-9125","title":{"rendered":"Lenovo IdeaPad 330 \u2013 AMD A4-9125"},"content":{"rendered":"<h3 data-start=\"260\" data-end=\"281\">Processzor (CPU)<\/h3>\n<ul data-start=\"282\" data-end=\"452\">\n<li data-start=\"282\" data-end=\"452\">\n<p data-start=\"284\" data-end=\"452\"><strong data-start=\"284\" data-end=\"299\">AMD A4-9125<\/strong> \u2013 8. gener\u00e1ci\u00f3s (Beema architekt\u00fara), 2 mag \/ 2 sz\u00e1l, 2,3 GHz alap\u00f3rajel, ak\u00e1r 2,6 GHz Turbo Boost, 1 MB L2 cache<\/p>\n<\/li>\n<\/ul>\n<h3 data-start=\"454\" data-end=\"466\">Grafika<\/h3>\n<ul data-start=\"467\" data-end=\"544\">\n<li data-start=\"467\" data-end=\"544\">\n<p data-start=\"469\" data-end=\"544\">Integr\u00e1lt <strong data-start=\"479\" data-end=\"505\">AMD Radeon R3 Graphics<\/strong><\/p>\n<\/li>\n<\/ul>\n<h3 data-start=\"546\" data-end=\"558\">Kijelz\u0151<\/h3>\n<ul>\n<li data-start=\"561\" data-end=\"642\"><strong data-start=\"571\" data-end=\"603\">15,6\u2033 HD (1366\u00d7768) TN panel<\/strong><\/li>\n<\/ul>\n<h3 data-start=\"750\" data-end=\"768\">Mem\u00f3ria (RAM)<\/h3>\n<ul data-start=\"769\" data-end=\"939\">\n<li data-start=\"769\" data-end=\"850\">\n<p data-start=\"771\" data-end=\"850\"><strong data-start=\"779\" data-end=\"811\">4 GB DDR4 (egy SO-DIMM slot)<\/strong><\/p>\n<\/li>\n<\/ul>\n<h3 data-start=\"941\" data-end=\"963\">T\u00e1rhely (Storage)<\/h3>\n<ul data-start=\"986\" data-end=\"1185\">\n<li data-start=\"986\" data-end=\"1053\">\n<p data-start=\"988\" data-end=\"1053\"><strong data-start=\"988\" data-end=\"1014\">240 GB SSD (2,5&#8243; SATA)<\/strong><\/p>\n<\/li>\n<\/ul>\n<h3 data-start=\"1187\" data-end=\"1216\">Adatkapcsolat \u00e9s h\u00e1l\u00f3zat<\/h3>\n<ul data-start=\"1217\" data-end=\"1385\">\n<li data-start=\"1217\" data-end=\"1303\">\n<p data-start=\"1219\" data-end=\"1303\"><strong data-start=\"1219\" data-end=\"1241\">Wi-Fi 5 (802.11ac)<\/strong> \u00e9s <strong data-start=\"1245\" data-end=\"1262\">Bluetooth 4.1<\/strong><\/p>\n<\/li>\n<li data-start=\"1304\" data-end=\"1385\">\n<p data-start=\"1306\" data-end=\"1385\"><strong data-start=\"1306\" data-end=\"1323\">Ethernet port<\/strong> is rendelkez\u00e9sre \u00e1ll<\/p>\n<\/li>\n<\/ul>\n<h3 data-start=\"1387\" data-end=\"1407\">Egy\u00e9b jellemz\u0151k<\/h3>\n<ul data-start=\"1408\" data-end=\"1859\">\n<li data-start=\"1408\" data-end=\"1533\">\n<p data-start=\"1410\" data-end=\"1533\"><strong data-start=\"1423\" data-end=\"1449\">Windows 11<\/strong><\/p>\n<\/li>\n<li data-start=\"1534\" data-end=\"1619\">\n<p data-start=\"1536\" data-end=\"1619\"><strong data-start=\"1536\" data-end=\"1559\">Be\u00e9p\u00edtett webkamera<\/strong> (\u00e1ltal\u00e1ban 0.3 MP)<\/p>\n<\/li>\n<li data-start=\"1620\" data-end=\"1738\">\n<p data-start=\"1622\" data-end=\"1738\"><strong data-start=\"1622\" data-end=\"1655\">Optikai meghajt\u00f3 (DVD-writer)<\/strong> bizonyos modellekben megtal\u00e1lhat\u00f3  in some.<\/p>\n<\/li>\n<li data-start=\"1739\" data-end=\"1859\">\n<p data-start=\"1741\" data-end=\"1859\">Standard <strong data-start=\"1750\" data-end=\"1782\">USB portok, HDMI, audio jack<\/strong>, illetve <strong data-start=\"1792\" data-end=\"1806\">DVD-olvas\u00f3<\/strong> lehet opci\u00f3<\/p>\n<\/li>\n<\/ul>\n<h3 data-start=\"1861\" data-end=\"1879\">M\u00e9ret \u00e9s s\u00faly<\/h3>\n<ul data-start=\"1880\" data-end=\"2028\">\n<li data-start=\"1880\" data-end=\"1943\">\n<p data-start=\"1882\" data-end=\"1943\">S\u00faly: kb. <strong data-start=\"1892\" data-end=\"1902\">2,2 kg<\/strong><\/p>\n<\/li>\n<li data-start=\"1944\" data-end=\"2028\">\n<p data-start=\"1946\" data-end=\"2028\">M\u00e9ret: k\u00f6r\u00fclbel\u00fcl <strong data-start=\"1964\" data-end=\"1987\">378 \u00d7 260 \u00d7 22,9 mm<\/strong><\/p>\n<\/li>\n<\/ul>\n","protected":false},"excerpt":{"rendered":"<p>Processzor (CPU) AMD A4-9125 \u2013 8. gener\u00e1ci\u00f3s (Beema architekt\u00fara), 2 mag \/ 2 sz\u00e1l, 2,3 GHz alap\u00f3rajel, ak\u00e1r 2,6 GHz Turbo Boost, 1 MB L2 cache Grafika Integr\u00e1lt AMD Radeon&hellip;<\/p>\n","protected":false},"featured_media":1383,"comment_status":"open","ping_status":"closed","template":"","meta":[],"product_brand":[342],"product_cat":[21],"product_tag":[124],"class_list":{"0":"post-1381","1":"product","2":"type-product","3":"status-publish","4":"has-post-thumbnail","6":"product_brand-lenovo","7":"product_cat-laptop","8":"product_tag-lenovo","10":"first","11":"instock","12":"purchasable","13":"product-type-simple"},"aioseo_notices":[],"jetpack_sharing_enabled":true,"_links":{"self":[{"href":"https:\/\/techzolo.hu\/index.php?rest_route=\/wp\/v2\/product\/1381","targetHints":{"allow":["GET"]}}],"collection":[{"href":"https:\/\/techzolo.hu\/index.php?rest_route=\/wp\/v2\/product"}],"about":[{"href":"https:\/\/techzolo.hu\/index.php?rest_route=\/wp\/v2\/types\/product"}],"replies":[{"embeddable":true,"href":"https:\/\/techzolo.hu\/index.php?rest_route=%2Fwp%2Fv2%2Fcomments&post=1381"}],"wp:featuredmedia":[{"embeddable":true,"href":"https:\/\/techzolo.hu\/index.php?rest_route=\/wp\/v2\/media\/1383"}],"wp:attachment":[{"href":"https:\/\/techzolo.hu\/index.php?rest_route=%2Fwp%2Fv2%2Fmedia&parent=1381"}],"wp:term":[{"taxonomy":"product_brand","embeddable":true,"href":"https:\/\/techzolo.hu\/index.php?rest_route=%2Fwp%2Fv2%2Fproduct_brand&post=1381"},{"taxonomy":"product_cat","embeddable":true,"href":"https:\/\/techzolo.hu\/index.php?rest_route=%2Fwp%2Fv2%2Fproduct_cat&post=1381"},{"taxonomy":"product_tag","embeddable":true,"href":"https:\/\/techzolo.hu\/index.php?rest_route=%2Fwp%2Fv2%2Fproduct_tag&post=1381"}],"curies":[{"name":"wp","href":"https:\/\/api.w.org\/{rel}","templated":true}]}}