{"id":1525,"date":"2026-02-06T11:11:23","date_gmt":"2026-02-06T10:11:23","guid":{"rendered":"https:\/\/techzolo.hu\/?post_type=product&#038;p=1525"},"modified":"2026-02-06T11:11:23","modified_gmt":"2026-02-06T10:11:23","slug":"2in1-okos-ora-beepitett-fules-2","status":"publish","type":"product","link":"https:\/\/techzolo.hu\/?product=2in1-okos-ora-beepitett-fules-2","title":{"rendered":"2in1 Okos \u00f3ra + Be\u00e9p\u00edtett F\u00fcles"},"content":{"rendered":"","protected":false},"excerpt":{"rendered":"","protected":false},"featured_media":1526,"comment_status":"open","ping_status":"closed","template":"","meta":[],"product_brand":[],"product_cat":[79,73],"product_tag":[130,149,133],"class_list":{"0":"post-1525","1":"product","2":"type-product","3":"status-publish","4":"has-post-thumbnail","6":"product_cat-bluetooth-fulhalgato","7":"product_cat-okos-orak","8":"product_tag-fules","9":"product_tag-okos","10":"product_tag-ora","12":"first","13":"instock","14":"shipping-taxable","15":"purchasable","16":"product-type-simple"},"aioseo_notices":[],"jetpack_sharing_enabled":true,"_links":{"self":[{"href":"https:\/\/techzolo.hu\/index.php?rest_route=\/wp\/v2\/product\/1525","targetHints":{"allow":["GET"]}}],"collection":[{"href":"https:\/\/techzolo.hu\/index.php?rest_route=\/wp\/v2\/product"}],"about":[{"href":"https:\/\/techzolo.hu\/index.php?rest_route=\/wp\/v2\/types\/product"}],"replies":[{"embeddable":true,"href":"https:\/\/techzolo.hu\/index.php?rest_route=%2Fwp%2Fv2%2Fcomments&post=1525"}],"wp:featuredmedia":[{"embeddable":true,"href":"https:\/\/techzolo.hu\/index.php?rest_route=\/wp\/v2\/media\/1526"}],"wp:attachment":[{"href":"https:\/\/techzolo.hu\/index.php?rest_route=%2Fwp%2Fv2%2Fmedia&parent=1525"}],"wp:term":[{"taxonomy":"product_brand","embeddable":true,"href":"https:\/\/techzolo.hu\/index.php?rest_route=%2Fwp%2Fv2%2Fproduct_brand&post=1525"},{"taxonomy":"product_cat","embeddable":true,"href":"https:\/\/techzolo.hu\/index.php?rest_route=%2Fwp%2Fv2%2Fproduct_cat&post=1525"},{"taxonomy":"product_tag","embeddable":true,"href":"https:\/\/techzolo.hu\/index.php?rest_route=%2Fwp%2Fv2%2Fproduct_tag&post=1525"}],"curies":[{"name":"wp","href":"https:\/\/api.w.org\/{rel}","templated":true}]}}