{"id":476,"date":"2025-03-20T09:13:21","date_gmt":"2025-03-20T08:13:21","guid":{"rendered":"https:\/\/techzolo.hu\/?post_type=product&#038;p=476"},"modified":"2025-03-20T09:13:21","modified_gmt":"2025-03-20T08:13:21","slug":"c-type-jack-atalakito","status":"publish","type":"product","link":"https:\/\/techzolo.hu\/?product=c-type-jack-atalakito","title":{"rendered":"C-type-Jack \u00c1talak\u00edt\u00f3"},"content":{"rendered":"","protected":false},"excerpt":{"rendered":"","protected":false},"featured_media":477,"comment_status":"open","ping_status":"closed","template":"","meta":[],"product_brand":[],"product_cat":[162],"product_tag":[163,165,189],"class_list":{"0":"post-476","1":"product","2":"type-product","3":"status-publish","4":"has-post-thumbnail","6":"product_cat-atalakitok-egyeb-kabelek","7":"product_tag-atalakito","8":"product_tag-ctype","9":"product_tag-jack","11":"first","12":"instock","13":"taxable","14":"shipping-taxable","15":"purchasable","16":"product-type-simple"},"aioseo_notices":[],"jetpack_sharing_enabled":true,"_links":{"self":[{"href":"https:\/\/techzolo.hu\/index.php?rest_route=\/wp\/v2\/product\/476","targetHints":{"allow":["GET"]}}],"collection":[{"href":"https:\/\/techzolo.hu\/index.php?rest_route=\/wp\/v2\/product"}],"about":[{"href":"https:\/\/techzolo.hu\/index.php?rest_route=\/wp\/v2\/types\/product"}],"replies":[{"embeddable":true,"href":"https:\/\/techzolo.hu\/index.php?rest_route=%2Fwp%2Fv2%2Fcomments&post=476"}],"wp:featuredmedia":[{"embeddable":true,"href":"https:\/\/techzolo.hu\/index.php?rest_route=\/wp\/v2\/media\/477"}],"wp:attachment":[{"href":"https:\/\/techzolo.hu\/index.php?rest_route=%2Fwp%2Fv2%2Fmedia&parent=476"}],"wp:term":[{"taxonomy":"product_brand","embeddable":true,"href":"https:\/\/techzolo.hu\/index.php?rest_route=%2Fwp%2Fv2%2Fproduct_brand&post=476"},{"taxonomy":"product_cat","embeddable":true,"href":"https:\/\/techzolo.hu\/index.php?rest_route=%2Fwp%2Fv2%2Fproduct_cat&post=476"},{"taxonomy":"product_tag","embeddable":true,"href":"https:\/\/techzolo.hu\/index.php?rest_route=%2Fwp%2Fv2%2Fproduct_tag&post=476"}],"curies":[{"name":"wp","href":"https:\/\/api.w.org\/{rel}","templated":true}]}}