{"id":672,"date":"2025-03-20T17:13:43","date_gmt":"2025-03-20T16:13:43","guid":{"rendered":"https:\/\/techzolo.hu\/?post_type=product&#038;p=672"},"modified":"2025-04-16T08:19:26","modified_gmt":"2025-04-16T06:19:26","slug":"vizminoseg-mero","status":"publish","type":"product","link":"https:\/\/techzolo.hu\/?product=vizminoseg-mero","title":{"rendered":"V\u00edzmin\u0151s\u00e9g M\u00e9r\u0151"},"content":{"rendered":"","protected":false},"excerpt":{"rendered":"","protected":false},"featured_media":661,"comment_status":"open","ping_status":"closed","template":"","meta":[],"product_brand":[],"product_cat":[18,383],"product_tag":[236,235],"class_list":{"0":"post-672","1":"product","2":"type-product","3":"status-publish","4":"has-post-thumbnail","6":"product_cat-egyeb","7":"product_cat-kiarusitas","8":"product_tag-minoseg","9":"product_tag-viz","11":"first","12":"instock","13":"sale","14":"shipping-taxable","15":"purchasable","16":"product-type-simple"},"aioseo_notices":[],"jetpack_sharing_enabled":true,"_links":{"self":[{"href":"https:\/\/techzolo.hu\/index.php?rest_route=\/wp\/v2\/product\/672","targetHints":{"allow":["GET"]}}],"collection":[{"href":"https:\/\/techzolo.hu\/index.php?rest_route=\/wp\/v2\/product"}],"about":[{"href":"https:\/\/techzolo.hu\/index.php?rest_route=\/wp\/v2\/types\/product"}],"replies":[{"embeddable":true,"href":"https:\/\/techzolo.hu\/index.php?rest_route=%2Fwp%2Fv2%2Fcomments&post=672"}],"wp:featuredmedia":[{"embeddable":true,"href":"https:\/\/techzolo.hu\/index.php?rest_route=\/wp\/v2\/media\/661"}],"wp:attachment":[{"href":"https:\/\/techzolo.hu\/index.php?rest_route=%2Fwp%2Fv2%2Fmedia&parent=672"}],"wp:term":[{"taxonomy":"product_brand","embeddable":true,"href":"https:\/\/techzolo.hu\/index.php?rest_route=%2Fwp%2Fv2%2Fproduct_brand&post=672"},{"taxonomy":"product_cat","embeddable":true,"href":"https:\/\/techzolo.hu\/index.php?rest_route=%2Fwp%2Fv2%2Fproduct_cat&post=672"},{"taxonomy":"product_tag","embeddable":true,"href":"https:\/\/techzolo.hu\/index.php?rest_route=%2Fwp%2Fv2%2Fproduct_tag&post=672"}],"curies":[{"name":"wp","href":"https:\/\/api.w.org\/{rel}","templated":true}]}}