{"id":785,"date":"2025-03-21T11:50:07","date_gmt":"2025-03-21T10:50:07","guid":{"rendered":"https:\/\/techzolo.hu\/?post_type=product&#038;p=785"},"modified":"2025-04-16T08:05:28","modified_gmt":"2025-04-16T06:05:28","slug":"jade-koves-arcmasszirozo-keszlet","status":"publish","type":"product","link":"https:\/\/techzolo.hu\/?product=jade-koves-arcmasszirozo-keszlet","title":{"rendered":"Jade K\u00f6ves Arcmassziroz\u00f3 K\u00e9szlet"},"content":{"rendered":"","protected":false},"excerpt":{"rendered":"","protected":false},"featured_media":781,"comment_status":"open","ping_status":"closed","template":"","meta":[],"product_brand":[],"product_cat":[383,24],"product_tag":[280,281,229],"class_list":{"0":"post-785","1":"product","2":"type-product","3":"status-publish","4":"has-post-thumbnail","6":"product_cat-kiarusitas","7":"product_cat-szepseg-egeszseg","8":"product_tag-arc","9":"product_tag-jade","10":"product_tag-masszazs","12":"first","13":"instock","14":"sale","15":"taxable","16":"shipping-taxable","17":"purchasable","18":"product-type-simple"},"aioseo_notices":[],"jetpack_sharing_enabled":true,"_links":{"self":[{"href":"https:\/\/techzolo.hu\/index.php?rest_route=\/wp\/v2\/product\/785","targetHints":{"allow":["GET"]}}],"collection":[{"href":"https:\/\/techzolo.hu\/index.php?rest_route=\/wp\/v2\/product"}],"about":[{"href":"https:\/\/techzolo.hu\/index.php?rest_route=\/wp\/v2\/types\/product"}],"replies":[{"embeddable":true,"href":"https:\/\/techzolo.hu\/index.php?rest_route=%2Fwp%2Fv2%2Fcomments&post=785"}],"wp:featuredmedia":[{"embeddable":true,"href":"https:\/\/techzolo.hu\/index.php?rest_route=\/wp\/v2\/media\/781"}],"wp:attachment":[{"href":"https:\/\/techzolo.hu\/index.php?rest_route=%2Fwp%2Fv2%2Fmedia&parent=785"}],"wp:term":[{"taxonomy":"product_brand","embeddable":true,"href":"https:\/\/techzolo.hu\/index.php?rest_route=%2Fwp%2Fv2%2Fproduct_brand&post=785"},{"taxonomy":"product_cat","embeddable":true,"href":"https:\/\/techzolo.hu\/index.php?rest_route=%2Fwp%2Fv2%2Fproduct_cat&post=785"},{"taxonomy":"product_tag","embeddable":true,"href":"https:\/\/techzolo.hu\/index.php?rest_route=%2Fwp%2Fv2%2Fproduct_tag&post=785"}],"curies":[{"name":"wp","href":"https:\/\/api.w.org\/{rel}","templated":true}]}}