{"id":920,"date":"2025-03-24T17:25:57","date_gmt":"2025-03-24T16:25:57","guid":{"rendered":"https:\/\/techzolo.hu\/?post_type=product&#038;p=920"},"modified":"2025-04-16T09:19:54","modified_gmt":"2025-04-16T07:19:54","slug":"lenovo-11e-tablet-laptop","status":"publish","type":"product","link":"https:\/\/techzolo.hu\/?product=lenovo-11e-tablet-laptop","title":{"rendered":"Lenovo 11E Tablet &#038; Laptop"},"content":{"rendered":"<h3>Specifik\u00e1ci\u00f3:<\/h3>\n<p>Flip design<\/p>\n<p>Celeron N3150 \/ 1,6 GHz<\/p>\n<p>Win 10 Pro 64 bites<\/p>\n<p>4 GB RAM<\/p>\n<p>120 GB SSD<\/p>\n<p>11,6&#8243; IPS \u00e9rint\u0151k\u00e9perny\u0151 1366 x 768 (HD)<\/p>\n<p>HD Graphics<\/p>\n<p>Wi-Fi 5<\/p>\n<h3>M\u00e9rete:<\/h3>\n<p>Sz\u00e9less\u00e9g:<\/p>\n<p>M\u00e9lys\u00e9g<\/p>\n<p>Vastags\u00e1g:<\/p>\n<p>S\u00faly:<\/p>\n<p>&nbsp;<\/p>\n<p>&nbsp;<\/p>\n","protected":false},"excerpt":{"rendered":"<p>Specifik\u00e1ci\u00f3: Flip design Celeron N3150 \/ 1,6 GHz Win 10 Pro 64 bites 4 GB RAM 120 GB SSD 11,6&#8243; IPS \u00e9rint\u0151k\u00e9perny\u0151 1366 x 768 (HD) HD Graphics Wi-Fi 5&hellip;<\/p>\n","protected":false},"featured_media":1057,"comment_status":"open","ping_status":"closed","template":"","meta":[],"product_brand":[342],"product_cat":[21,61],"product_tag":[388,126,124,120],"class_list":{"0":"post-920","1":"product","2":"type-product","3":"status-publish","4":"has-post-thumbnail","6":"product_brand-lenovo","7":"product_cat-laptop","8":"product_cat-tablet","9":"product_tag-11e","10":"product_tag-laptop","11":"product_tag-lenovo","12":"product_tag-tablet","14":"first","15":"instock","16":"featured","17":"shipping-taxable","18":"purchasable","19":"product-type-simple"},"aioseo_notices":[],"jetpack_sharing_enabled":true,"_links":{"self":[{"href":"https:\/\/techzolo.hu\/index.php?rest_route=\/wp\/v2\/product\/920","targetHints":{"allow":["GET"]}}],"collection":[{"href":"https:\/\/techzolo.hu\/index.php?rest_route=\/wp\/v2\/product"}],"about":[{"href":"https:\/\/techzolo.hu\/index.php?rest_route=\/wp\/v2\/types\/product"}],"replies":[{"embeddable":true,"href":"https:\/\/techzolo.hu\/index.php?rest_route=%2Fwp%2Fv2%2Fcomments&post=920"}],"wp:featuredmedia":[{"embeddable":true,"href":"https:\/\/techzolo.hu\/index.php?rest_route=\/wp\/v2\/media\/1057"}],"wp:attachment":[{"href":"https:\/\/techzolo.hu\/index.php?rest_route=%2Fwp%2Fv2%2Fmedia&parent=920"}],"wp:term":[{"taxonomy":"product_brand","embeddable":true,"href":"https:\/\/techzolo.hu\/index.php?rest_route=%2Fwp%2Fv2%2Fproduct_brand&post=920"},{"taxonomy":"product_cat","embeddable":true,"href":"https:\/\/techzolo.hu\/index.php?rest_route=%2Fwp%2Fv2%2Fproduct_cat&post=920"},{"taxonomy":"product_tag","embeddable":true,"href":"https:\/\/techzolo.hu\/index.php?rest_route=%2Fwp%2Fv2%2Fproduct_tag&post=920"}],"curies":[{"name":"wp","href":"https:\/\/api.w.org\/{rel}","templated":true}]}}